{"id":2927,"date":"2023-12-03T00:26:04","date_gmt":"2023-12-03T00:26:04","guid":{"rendered":"https:\/\/sadet-ve.org\/?page_id=2927"},"modified":"2023-12-08T13:19:09","modified_gmt":"2023-12-08T13:19:09","slug":"sesion","status":"publish","type":"page","link":"https:\/\/sadet-ve.org\/index.php\/sesion\/","title":{"rendered":"Sesi\u00f3n"},"content":{"rendered":"<div class=\"logged-out wp-block-loginout\"><a href=\"https:\/\/sadet-ve.org\/wp-login.php?redirect_to=https%3A%2F%2Fsadet-ve.org%2Findex.php%2Fwp-json%2Fwp%2Fv2%2Fpages%2F2927\">Acceder<\/a><\/div>\n\n\n<p>Por tu seguridad, reg\u00edstrate o inicia sesi\u00f3n para poder usar tu tarjeta de cr\u00e9dito y hacer la donaci\u00f3n.<\/p>\n\n\n\n<div class=\"wp-block-uagb-faq uagb-faq__outer-wrap uagb-block-33c565e4 uagb-faq-icon-row uagb-faq-layout-accordion uagb-faq-expand-first-true uagb-faq-inactive-other-true uagb-faq__wrap uagb-buttons-layout-wrap uagb-faq-equal-height\" data-faqtoggle=\"true\" role=\"tablist\">\n<div class=\"wp-block-uagb-faq-child uagb-faq-child__outer-wrap uagb-faq-item uagb-block-2cb342e1\" role=\"tab\" tabindex=\"0\"><div class=\"uagb-faq-questions-button uagb-faq-questions\"><span class=\"uagb-icon uagb-faq-icon-wrap\"><svg xmlns=\"https:\/\/www.w3.org\/2000\/svg\" viewBox=\"0 0 448 512\"><path d=\"M432 256c0 17.69-14.33 32.01-32 32.01H256v144c0 17.69-14.33 31.99-32 31.99s-32-14.3-32-31.99v-144H48c-17.67 0-32-14.32-32-32.01s14.33-31.99 32-31.99H192v-144c0-17.69 14.33-32.01 32-32.01s32 14.32 32 32.01v144h144C417.7 224 432 238.3 432 256z\"><\/path><\/svg><\/span><span class=\"uagb-icon-active uagb-faq-icon-wrap\"><svg xmlns=\"https:\/\/www.w3.org\/2000\/svg\" viewBox=\"0 0 448 512\"><path d=\"M400 288h-352c-17.69 0-32-14.32-32-32.01s14.31-31.99 32-31.99h352c17.69 0 32 14.3 32 31.99S417.7 288 400 288z\"><\/path><\/svg><\/span><span class=\"uagb-question\">\u00bfC\u00f3mo me registro?<\/span><\/div><p class=\"uagb-faq-content\">Pulsa el bot\u00f3n de arriba y busca la opci\u00f3n <a href=\"https:\/\/sadet-ve.org\/wp-login.php?action=register\" rel=\"nofollow\" title=\"Registrarme para luego donar\">Registro<\/a> o haz click <a href=\"http:\/\/sadet-ve.org\/wp-login.php?action=register\" title=\"\">aqu\u00ed<\/a>.<br><\/p><\/div>\n\n\n\n<div class=\"wp-block-uagb-faq-child uagb-faq-child__outer-wrap uagb-faq-item uagb-block-ae7490e6\" role=\"tab\" tabindex=\"0\"><div class=\"uagb-faq-questions-button uagb-faq-questions\"><span class=\"uagb-icon uagb-faq-icon-wrap\"><svg xmlns=\"https:\/\/www.w3.org\/2000\/svg\" viewBox=\"0 0 448 512\"><path d=\"M432 256c0 17.69-14.33 32.01-32 32.01H256v144c0 17.69-14.33 31.99-32 31.99s-32-14.3-32-31.99v-144H48c-17.67 0-32-14.32-32-32.01s14.33-31.99 32-31.99H192v-144c0-17.69 14.33-32.01 32-32.01s32 14.32 32 32.01v144h144C417.7 224 432 238.3 432 256z\"><\/path><\/svg><\/span><span class=\"uagb-icon-active uagb-faq-icon-wrap\"><svg xmlns=\"https:\/\/www.w3.org\/2000\/svg\" viewBox=\"0 0 448 512\"><path d=\"M400 288h-352c-17.69 0-32-14.32-32-32.01s14.31-31.99 32-31.99h352c17.69 0 32 14.3 32 31.99S417.7 288 400 288z\"><\/path><\/svg><\/span><span class=\"uagb-question\">\u00bfD\u00f3nde introduzco los datos de la tarjeta?<\/span><\/div><p class=\"uagb-faq-content\">Una vez que te registres o inicies sesi\u00f3n, ver\u00e1s la p\u00e1gina para ingresar los datos de la tarjeta.<br>Si est\u00e1s registrado y no lo ves, pulsa <a href=\"https:\/\/sadet-ve.org\/index.php\/donar-tdc\/\" title=\"\">aqu\u00ed<\/a>.<\/p><\/div>\n\n\n\n<div class=\"wp-block-uagb-faq-child uagb-faq-child__outer-wrap uagb-faq-item uagb-block-12d1e041\" role=\"tab\" tabindex=\"0\"><div class=\"uagb-faq-questions-button uagb-faq-questions\"><span class=\"uagb-icon uagb-faq-icon-wrap\"><svg xmlns=\"https:\/\/www.w3.org\/2000\/svg\" viewBox=\"0 0 448 512\"><path d=\"M432 256c0 17.69-14.33 32.01-32 32.01H256v144c0 17.69-14.33 31.99-32 31.99s-32-14.3-32-31.99v-144H48c-17.67 0-32-14.32-32-32.01s14.33-31.99 32-31.99H192v-144c0-17.69 14.33-32.01 32-32.01s32 14.32 32 32.01v144h144C417.7 224 432 238.3 432 256z\"><\/path><\/svg><\/span><span class=\"uagb-icon-active uagb-faq-icon-wrap\"><svg xmlns=\"https:\/\/www.w3.org\/2000\/svg\" viewBox=\"0 0 448 512\"><path d=\"M400 288h-352c-17.69 0-32-14.32-32-32.01s14.31-31.99 32-31.99h352c17.69 0 32 14.3 32 31.99S417.7 288 400 288z\"><\/path><\/svg><\/span><span class=\"uagb-question\">\u00bfQu\u00e9 debo hacer despu\u00e9s de donar?<\/span><\/div><p class=\"uagb-faq-content\">Una vez completados los datos de la tarjeta de cr\u00e9dito y enviado el pago, no debes hacer nada.<br>Recibir\u00e1s un comprobante de pago en tu correo electr\u00f3nico y recibiremos la notificaci\u00f3n de tu donaci\u00f3n.<\/p><\/div>\n\n\n\n<div class=\"wp-block-uagb-faq-child uagb-faq-child__outer-wrap uagb-faq-item uagb-block-fbdfa72d\" role=\"tab\" tabindex=\"0\"><div class=\"uagb-faq-questions-button uagb-faq-questions\"><span class=\"uagb-icon uagb-faq-icon-wrap\"><svg xmlns=\"https:\/\/www.w3.org\/2000\/svg\" viewBox=\"0 0 448 512\"><path d=\"M432 256c0 17.69-14.33 32.01-32 32.01H256v144c0 17.69-14.33 31.99-32 31.99s-32-14.3-32-31.99v-144H48c-17.67 0-32-14.32-32-32.01s14.33-31.99 32-31.99H192v-144c0-17.69 14.33-32.01 32-32.01s32 14.32 32 32.01v144h144C417.7 224 432 238.3 432 256z\"><\/path><\/svg><\/span><span class=\"uagb-icon-active uagb-faq-icon-wrap\"><svg xmlns=\"https:\/\/www.w3.org\/2000\/svg\" viewBox=\"0 0 448 512\"><path d=\"M400 288h-352c-17.69 0-32-14.32-32-32.01s14.31-31.99 32-31.99h352c17.69 0 32 14.3 32 31.99S417.7 288 400 288z\"><\/path><\/svg><\/span><span class=\"uagb-question\">\u00bfQu\u00e9 pasa con los datos de mi tarjeta?<\/span><\/div><p class=\"uagb-faq-content\">La informaci\u00f3n de tu tarjeta es procesada directamente por el Banco Nacional de Cr\u00e9dito y no queda almacenada en nuestros servidores.<\/p><\/div>\n<\/div>\n\n\n\n<style>\n.wp-block-uagb-faq {\n    width: 100%\n}\n\n.wp-block-uagb-faq.uagb-faq-layout-accordion .uagb-faq-child__outer-wrap .uagb-faq-questions-button {\n    cursor: pointer\n}\n\n.wp-block-uagb-faq .uagb-faq-content {\n    margin-bottom: 0\n}\n\n.uagb-faq-layout-grid.uagb-faq-equal-height.uagb-faq__wrap .uagb-faq-child__outer-wrap,.uagb-faq-layout-grid.uagb-faq-equal-height.uagb-faq__wrap .uagb-faq-item {\n    height: 100%\n}\n\nbody[class*=\"astra\"] .uagb-faq-questions {\n    line-height: normal\n}\n\n.uagb-faq-item {\n    overflow: hidden\n}\n\n.wp-block-uagb-faq-child .uagb-faq-questions-button {\n    display: flex;\n    align-items: center\n}\n\n.wp-block-uagb-faq-child .uagb-faq-questions-button .uagb-faq-icon-wrap {\n    display: flex;\n    align-items: center\n}\n\n.wp-block-uagb-faq-child .uagb-faq-questions-button .uagb-question {\n    width: 100%;\n    margin-top: 0;\n    margin-bottom: 0\n}\n\n.wp-block-uagb-faq-child .uagb-icon svg,.wp-block-uagb-faq-child .uagb-icon-active svg {\n    width: 15px;\n    height: 15px;\n    font-size: 15px\n}\n\n.wp-block-uagb-faq-child.uagb-faq-child__outer-wrap.uagb-faq-item .uagb-icon-active,.wp-block-uagb-faq-child.uagb-faq-child__outer-wrap.uagb-faq-item.uagb-faq-item-active .uagb-icon,.wp-block-uagb-faq-child.uagb-faq-child__outer-wrap .uagb-faq-item .uagb-icon-active,.wp-block-uagb-faq-child.uagb-faq-child__outer-wrap .uagb-faq-item.uagb-faq-item-active .uagb-icon {\n    display: none;\n    width: 0;\n    padding: 0;\n    height: 0;\n    margin: 0\n}\n\n.wp-block-uagb-faq-child.uagb-faq-child__outer-wrap.uagb-faq-item .uagb-icon,.wp-block-uagb-faq-child.uagb-faq-child__outer-wrap.uagb-faq-item.uagb-faq-item-active .uagb-icon-active,.wp-block-uagb-faq-child.uagb-faq-child__outer-wrap .uagb-faq-item .uagb-icon,.wp-block-uagb-faq-child.uagb-faq-child__outer-wrap .uagb-faq-item.uagb-faq-item-active .uagb-icon-active {\n    display: flex;\n    width: auto;\n    height: auto\n}\n\n.uagb-faq-layout-grid .uagb-faq-child__outer-wrap.uagb-faq-item .uagb-icon,.uagb-faq-layout-grid .uagb-faq-child__outer-wrap.uagb-faq-item.uagb-faq-item-active .uagb-icon-active,.uagb-faq-layout-grid .uagb-faq-child__outer-wrap .uagb-faq-item .uagb-icon,.uagb-faq-layout-grid .uagb-faq-child__outer-wrap .uagb-faq-item.uagb-faq-item-active .uagb-icon-active {\n    display: none\n}\n\n.uagb-faq-layout-grid .uagb-faq-child__outer-wrap.uagb-faq-item span.uagb-icon-active.uagb-faq-icon-wrap,.uagb-faq-layout-grid .uagb-faq-child__outer-wrap.uagb-faq-item.uagb-faq-item-active .uagb-icon-active,.uagb-faq-layout-grid .uagb-faq-child__outer-wrap .uagb-faq-item span.uagb-icon-active.uagb-faq-icon-wrap,.uagb-faq-layout-grid .uagb-faq-child__outer-wrap .uagb-faq-item.uagb-faq-item-active .uagb-icon-active {\n    display: none\n}\n\n.uagb-block-33c565e4 .uagb-icon svg {\n    width: 12px;\n    height: 12px;\n    font-size: 12px;\n}\n\n.uagb-block-33c565e4 .uagb-icon-active svg {\n    width: 12px;\n    height: 12px;\n    font-size: 12px;\n}\n\n.uagb-block-33c565e4 .uagb-faq-child__outer-wrap {\n    margin-bottom: 10px;\n}\n\n.uagb-block-33c565e4 .uagb-faq-item {\n    border-top-width: 1px;\n    border-left-width: 1px;\n    border-right-width: 1px;\n    border-bottom-width: 1px;\n    border-top-left-radius: 2px;\n    border-top-right-radius: 2px;\n    border-bottom-left-radius: 2px;\n    border-bottom-right-radius: 2px;\n    border-color: #D2D2D2;\n    border-style: solid;\n}\n\n.uagb-block-33c565e4 .uagb-faq-questions-button {\n    padding-top: 10px;\n    padding-bottom: 10px;\n    padding-right: 10px;\n    padding-left: 10px;\n}\n\n.uagb-block-33c565e4 .uagb-faq-content {\n    padding-top: 10px;\n    padding-bottom: 10px;\n    padding-right: 10px;\n    padding-left: 10px;\n}\n\n.uagb-block-33c565e4 .uagb-faq-content span {\n    margin-top: 10px;\n    margin-bottom: 10px;\n    margin-right: 10px;\n    margin-left: 10px;\n}\n\n.uagb-block-33c565e4.uagb-faq-icon-row .uagb-faq-item .uagb-faq-icon-wrap {\n    margin-right: 10px;\n}\n\n.uagb-block-33c565e4.uagb-faq-icon-row-reverse .uagb-faq-item .uagb-faq-icon-wrap {\n    margin-left: 10px;\n}\n\n.uagb-block-33c565e4 .uagb-faq-item .uagb-faq-questions-button.uagb-faq-questions {\n    flex-direction: row;\n}\n\n.uagb-block-33c565e4 .wp-block-uagb-faq-child.uagb-faq-child__outer-wrap .uagb-faq-content {\n    display: none;\n}\n\n@media only screen and (max-width: 976px) {\n    .uagb-block-33c565e4.uagb-faq-icon-row .uagb-faq-item .uagb-faq-icon-wrap {\n        margin-right: 10px;\n    }\n\n    .uagb-block-33c565e4.uagb-faq-icon-row-reverse .uagb-faq-item .uagb-faq-icon-wrap {\n        margin-left: 10px;\n    }\n\n    .uagb-block-33c565e4 .uagb-faq-questions-button {\n        padding-top: 10px;\n        padding-bottom: 10px;\n        padding-right: 10px;\n        padding-left: 10px;\n    }\n\n    .uagb-block-33c565e4 .uagb-faq-content {\n        padding-top: 10px;\n        padding-bottom: 10px;\n        padding-right: 10px;\n        padding-left: 10px;\n    }\n\n    .uagb-block-33c565e4 .uagb-faq-content span {\n        margin-top: 10px;\n        margin-bottom: 10px;\n        margin-right: 10px;\n        margin-left: 10px;\n    }\n\n    .uagb-block-33c565e4 .uagb-faq-item {\n        border-style: solid;\n        border-color: #D2D2D2;\n    }\n}\n\n@media only screen and (max-width: 767px) {\n    .uagb-block-33c565e4.uagb-faq-icon-row .uagb-faq-item .uagb-faq-icon-wrap {\n        margin-right: 10px;\n    }\n\n    .uagb-block-33c565e4 .uagb-faq-item {\n        border-style: solid;\n        border-color: #D2D2D2;\n    }\n\n    .uagb-block-33c565e4.uagb-faq-icon-row-reverse .uagb-faq-item .uagb-faq-icon-wrap {\n        margin-left: 10px;\n    }\n\n    .uagb-block-33c565e4 .uagb-faq-questions-button {\n        padding-top: 10px;\n        padding-bottom: 10px;\n        padding-right: 10px;\n        padding-left: 10px;\n    }\n\n    .uagb-block-33c565e4 .uagb-faq-content {\n        padding-top: 10px;\n        padding-bottom: 10px;\n        padding-right: 10px;\n        padding-left: 10px;\n    }\n\n    .uagb-block-33c565e4 .uagb-faq-content span {\n        margin-top: 10px;\n        margin-bottom: 10px;\n        margin-right: 10px;\n        margin-left: 10px;\n    }\n}\n\n.uag-blocks-common-selector {\n    z-index: var(--z-index-desktop) !important\n}\n\n@media (max-width: 976px) {\n    .uag-blocks-common-selector {\n        z-index:var(--z-index-tablet) !important\n    }\n}\n\n@media (max-width: 767px) {\n    .uag-blocks-common-selector {\n        z-index:var(--z-index-mobile) !important\n    }\n}\n\n<\/style>\n<script src=\"https:\/\/sadet-ve.org\/wp-content\/plugins\/ultimate-addons-for-gutenberg\/assets\/js\/faq.min.js?ver=2.8.0\" id=\"uagb-faq-js-js\"><\/script>\n","protected":false},"excerpt":{"rendered":"<p>Por tu seguridad, reg\u00edstrate o inicia sesi\u00f3n para poder usar tu tarjeta de cr\u00e9dito y hacer la donaci\u00f3n.<\/p>\n","protected":false},"author":1,"featured_media":0,"parent":0,"menu_order":0,"comment_status":"closed","ping_status":"closed","template":"","meta":{"_uag_custom_page_level_css":"","site-sidebar-layout":"default","site-content-layout":"","ast-site-content-layout":"default","site-content-style":"default","site-sidebar-style":"default","ast-global-header-display":"","ast-banner-title-visibility":"","ast-main-header-display":"","ast-hfb-above-header-display":"","ast-hfb-below-header-display":"","ast-hfb-mobile-header-display":"","site-post-title":"","ast-breadcrumbs-content":"","ast-featured-img":"","footer-sml-layout":"","theme-transparent-header-meta":"","adv-header-id-meta":"","stick-header-meta":"","header-above-stick-meta":"","header-main-stick-meta":"","header-below-stick-meta":"","astra-migrate-meta-layouts":"set","footnotes":""},"class_list":["post-2927","page","type-page","status-publish","hentry"],"aioseo_notices":[],"uagb_featured_image_src":{"full":false,"thumbnail":false,"medium":false,"medium_large":false,"large":false,"1536x1536":false,"2048x2048":false},"uagb_author_info":{"display_name":"sadetuweb","author_link":"https:\/\/sadet-ve.org\/index.php\/author\/sadetuweb\/"},"uagb_comment_info":0,"uagb_excerpt":"Por tu seguridad, reg\u00edstrate o inicia sesi\u00f3n para poder usar tu tarjeta de cr\u00e9dito y hacer la donaci\u00f3n.","_links":{"self":[{"href":"https:\/\/sadet-ve.org\/index.php\/wp-json\/wp\/v2\/pages\/2927","targetHints":{"allow":["GET"]}}],"collection":[{"href":"https:\/\/sadet-ve.org\/index.php\/wp-json\/wp\/v2\/pages"}],"about":[{"href":"https:\/\/sadet-ve.org\/index.php\/wp-json\/wp\/v2\/types\/page"}],"author":[{"embeddable":true,"href":"https:\/\/sadet-ve.org\/index.php\/wp-json\/wp\/v2\/users\/1"}],"replies":[{"embeddable":true,"href":"https:\/\/sadet-ve.org\/index.php\/wp-json\/wp\/v2\/comments?post=2927"}],"version-history":[{"count":5,"href":"https:\/\/sadet-ve.org\/index.php\/wp-json\/wp\/v2\/pages\/2927\/revisions"}],"predecessor-version":[{"id":2982,"href":"https:\/\/sadet-ve.org\/index.php\/wp-json\/wp\/v2\/pages\/2927\/revisions\/2982"}],"wp:attachment":[{"href":"https:\/\/sadet-ve.org\/index.php\/wp-json\/wp\/v2\/media?parent=2927"}],"curies":[{"name":"wp","href":"https:\/\/api.w.org\/{rel}","templated":true}]}}