{"id":1535,"date":"2023-04-20T20:39:03","date_gmt":"2023-04-20T20:39:03","guid":{"rendered":"https:\/\/sadet-ve.org\/?page_id=1535"},"modified":"2023-05-13T21:42:15","modified_gmt":"2023-05-13T21:42:15","slug":"labor-social","status":"publish","type":"page","link":"https:\/\/sadet-ve.org\/index.php\/labor-social\/","title":{"rendered":"Labor social"},"content":{"rendered":"\t\t<div data-elementor-type=\"wp-page\" data-elementor-id=\"1535\" class=\"elementor elementor-1535\">\n\t\t\t\t\t\t\t\t\t<section class=\"elementor-section elementor-top-section elementor-element elementor-element-ziw2ijb elementor-section-boxed elementor-section-height-default elementor-section-height-default\" data-id=\"ziw2ijb\" data-element_type=\"section\" data-settings=\"{&quot;background_background&quot;:&quot;classic&quot;,&quot;shape_divider_bottom&quot;:&quot;mountains&quot;}\">\n\t\t\t\t\t<div class=\"elementor-shape elementor-shape-bottom\" data-negative=\"false\">\n\t\t\t<svg xmlns=\"http:\/\/www.w3.org\/2000\/svg\" viewBox=\"0 0 1000 100\" preserveAspectRatio=\"none\">\n\t<path class=\"elementor-shape-fill\" opacity=\"0.33\" d=\"M473,67.3c-203.9,88.3-263.1-34-320.3,0C66,119.1,0,59.7,0,59.7V0h1000v59.7 c0,0-62.1,26.1-94.9,29.3c-32.8,3.3-62.8-12.3-75.8-22.1C806,49.6,745.3,8.7,694.9,4.7S492.4,59,473,67.3z\"\/>\n\t<path class=\"elementor-shape-fill\" opacity=\"0.66\" d=\"M734,67.3c-45.5,0-77.2-23.2-129.1-39.1c-28.6-8.7-150.3-10.1-254,39.1 s-91.7-34.4-149.2,0C115.7,118.3,0,39.8,0,39.8V0h1000v36.5c0,0-28.2-18.5-92.1-18.5C810.2,18.1,775.7,67.3,734,67.3z\"\/>\n\t<path class=\"elementor-shape-fill\" d=\"M766.1,28.9c-200-57.5-266,65.5-395.1,19.5C242,1.8,242,5.4,184.8,20.6C128,35.8,132.3,44.9,89.9,52.5C28.6,63.7,0,0,0,0 h1000c0,0-9.9,40.9-83.6,48.1S829.6,47,766.1,28.9z\"\/>\n<\/svg>\t\t<\/div>\n\t\t\t\t\t<div class=\"elementor-container elementor-column-gap-no\">\n\t\t\t\t\t<div class=\"elementor-column elementor-col-100 elementor-top-column elementor-element elementor-element-073fbb5\" data-id=\"073fbb5\" data-element_type=\"column\">\n\t\t\t<div class=\"elementor-widget-wrap elementor-element-populated\">\n\t\t\t\t\t\t\t\t<div class=\"elementor-element elementor-element-5158c6c elementor-widget elementor-widget-heading\" data-id=\"5158c6c\" data-element_type=\"widget\" data-widget_type=\"heading.default\">\n\t\t\t\t<div class=\"elementor-widget-container\">\n\t\t\t<style>\/*! elementor - v3.15.0 - 20-08-2023 *\/\n.elementor-heading-title{padding:0;margin:0;line-height:1}.elementor-widget-heading .elementor-heading-title[class*=elementor-size-]>a{color:inherit;font-size:inherit;line-height:inherit}.elementor-widget-heading .elementor-heading-title.elementor-size-small{font-size:15px}.elementor-widget-heading .elementor-heading-title.elementor-size-medium{font-size:19px}.elementor-widget-heading .elementor-heading-title.elementor-size-large{font-size:29px}.elementor-widget-heading .elementor-heading-title.elementor-size-xl{font-size:39px}.elementor-widget-heading .elementor-heading-title.elementor-size-xxl{font-size:59px}<\/style><h1 class=\"elementor-heading-title elementor-size-default\">Labor social<\/h1>\t\t<\/div>\n\t\t\t\t<\/div>\n\t\t\t\t<div class=\"elementor-element elementor-element-d8a3f71 elementor-widget-divider--view-line elementor-widget elementor-widget-divider\" data-id=\"d8a3f71\" data-element_type=\"widget\" data-widget_type=\"divider.default\">\n\t\t\t\t<div class=\"elementor-widget-container\">\n\t\t\t<style>\/*! elementor - v3.15.0 - 20-08-2023 *\/\n.elementor-widget-divider{--divider-border-style:none;--divider-border-width:1px;--divider-color:#0c0d0e;--divider-icon-size:20px;--divider-element-spacing:10px;--divider-pattern-height:24px;--divider-pattern-size:20px;--divider-pattern-url:none;--divider-pattern-repeat:repeat-x}.elementor-widget-divider .elementor-divider{display:flex}.elementor-widget-divider .elementor-divider__text{font-size:15px;line-height:1;max-width:95%}.elementor-widget-divider .elementor-divider__element{margin:0 var(--divider-element-spacing);flex-shrink:0}.elementor-widget-divider .elementor-icon{font-size:var(--divider-icon-size)}.elementor-widget-divider .elementor-divider-separator{display:flex;margin:0;direction:ltr}.elementor-widget-divider--view-line_icon .elementor-divider-separator,.elementor-widget-divider--view-line_text .elementor-divider-separator{align-items:center}.elementor-widget-divider--view-line_icon .elementor-divider-separator:after,.elementor-widget-divider--view-line_icon .elementor-divider-separator:before,.elementor-widget-divider--view-line_text .elementor-divider-separator:after,.elementor-widget-divider--view-line_text .elementor-divider-separator:before{display:block;content:\"\";border-bottom:0;flex-grow:1;border-top:var(--divider-border-width) var(--divider-border-style) var(--divider-color)}.elementor-widget-divider--element-align-left .elementor-divider .elementor-divider-separator>.elementor-divider__svg:first-of-type{flex-grow:0;flex-shrink:100}.elementor-widget-divider--element-align-left .elementor-divider-separator:before{content:none}.elementor-widget-divider--element-align-left .elementor-divider__element{margin-left:0}.elementor-widget-divider--element-align-right .elementor-divider .elementor-divider-separator>.elementor-divider__svg:last-of-type{flex-grow:0;flex-shrink:100}.elementor-widget-divider--element-align-right .elementor-divider-separator:after{content:none}.elementor-widget-divider--element-align-right .elementor-divider__element{margin-right:0}.elementor-widget-divider:not(.elementor-widget-divider--view-line_text):not(.elementor-widget-divider--view-line_icon) .elementor-divider-separator{border-top:var(--divider-border-width) var(--divider-border-style) var(--divider-color)}.elementor-widget-divider--separator-type-pattern{--divider-border-style:none}.elementor-widget-divider--separator-type-pattern.elementor-widget-divider--view-line .elementor-divider-separator,.elementor-widget-divider--separator-type-pattern:not(.elementor-widget-divider--view-line) .elementor-divider-separator:after,.elementor-widget-divider--separator-type-pattern:not(.elementor-widget-divider--view-line) .elementor-divider-separator:before,.elementor-widget-divider--separator-type-pattern:not([class*=elementor-widget-divider--view]) .elementor-divider-separator{width:100%;min-height:var(--divider-pattern-height);-webkit-mask-size:var(--divider-pattern-size) 100%;mask-size:var(--divider-pattern-size) 100%;-webkit-mask-repeat:var(--divider-pattern-repeat);mask-repeat:var(--divider-pattern-repeat);background-color:var(--divider-color);-webkit-mask-image:var(--divider-pattern-url);mask-image:var(--divider-pattern-url)}.elementor-widget-divider--no-spacing{--divider-pattern-size:auto}.elementor-widget-divider--bg-round{--divider-pattern-repeat:round}.rtl .elementor-widget-divider .elementor-divider__text{direction:rtl}.e-con-inner>.elementor-widget-divider,.e-con>.elementor-widget-divider{width:var(--container-widget-width,100%);--flex-grow:var(--container-widget-flex-grow)}<\/style>\t\t<div class=\"elementor-divider\">\n\t\t\t<span class=\"elementor-divider-separator\">\n\t\t\t\t\t\t<\/span>\n\t\t<\/div>\n\t\t\t\t<\/div>\n\t\t\t\t<\/div>\n\t\t\t\t\t<\/div>\n\t\t<\/div>\n\t\t\t\t\t\t\t<\/div>\n\t\t<\/section>\n\t\t\t\t<section class=\"elementor-section elementor-top-section elementor-element elementor-element-8ggkcho elementor-section-boxed elementor-section-height-default elementor-section-height-default\" data-id=\"8ggkcho\" data-element_type=\"section\" data-settings=\"{&quot;background_background&quot;:&quot;classic&quot;}\">\n\t\t\t\t\t\t<div class=\"elementor-container elementor-column-gap-no\">\n\t\t\t\t\t<div class=\"elementor-column elementor-col-100 elementor-top-column elementor-element elementor-element-6a8c82c\" data-id=\"6a8c82c\" data-element_type=\"column\">\n\t\t\t<div class=\"elementor-widget-wrap elementor-element-populated\">\n\t\t\t\t\t\t\t\t<div class=\"elementor-element elementor-element-31e88d5 elementor-position-left elementor-vertical-align-middle elementor-widget elementor-widget-image-box\" data-id=\"31e88d5\" data-element_type=\"widget\" data-widget_type=\"image-box.default\">\n\t\t\t\t<div class=\"elementor-widget-container\">\n\t\t\t<style>\/*! elementor - v3.15.0 - 20-08-2023 *\/\n.elementor-widget-image-box .elementor-image-box-content{width:100%}@media (min-width:768px){.elementor-widget-image-box.elementor-position-left .elementor-image-box-wrapper,.elementor-widget-image-box.elementor-position-right .elementor-image-box-wrapper{display:flex}.elementor-widget-image-box.elementor-position-right .elementor-image-box-wrapper{text-align:right;flex-direction:row-reverse}.elementor-widget-image-box.elementor-position-left .elementor-image-box-wrapper{text-align:left;flex-direction:row}.elementor-widget-image-box.elementor-position-top .elementor-image-box-img{margin:auto}.elementor-widget-image-box.elementor-vertical-align-top .elementor-image-box-wrapper{align-items:flex-start}.elementor-widget-image-box.elementor-vertical-align-middle .elementor-image-box-wrapper{align-items:center}.elementor-widget-image-box.elementor-vertical-align-bottom .elementor-image-box-wrapper{align-items:flex-end}}@media (max-width:767px){.elementor-widget-image-box .elementor-image-box-img{margin-left:auto!important;margin-right:auto!important;margin-bottom:15px}}.elementor-widget-image-box .elementor-image-box-img{display:inline-block}.elementor-widget-image-box .elementor-image-box-title a{color:inherit}.elementor-widget-image-box .elementor-image-box-wrapper{text-align:center}.elementor-widget-image-box .elementor-image-box-description{margin:0}<\/style><div class=\"elementor-image-box-wrapper\"><figure class=\"elementor-image-box-img\"><a href=\"https:\/\/sadet-ve.org\/index.php\/category\/jornadas\"><img loading=\"lazy\" decoding=\"async\" width=\"992\" height=\"744\" src=\"https:\/\/sadet-ve.org\/wp-content\/uploads\/2023\/05\/IMG_20230425_135149_046.jpg\" class=\"attachment-full size-full wp-image-1682\" alt=\"Jornadas m\u00e9dicas SADET\" srcset=\"https:\/\/sadet-ve.org\/wp-content\/uploads\/2023\/05\/IMG_20230425_135149_046.jpg 992w, https:\/\/sadet-ve.org\/wp-content\/uploads\/2023\/05\/IMG_20230425_135149_046-300x225.jpg 300w, https:\/\/sadet-ve.org\/wp-content\/uploads\/2023\/05\/IMG_20230425_135149_046-768x576.jpg 768w\" sizes=\"auto, (max-width: 992px) 100vw, 992px\" \/><\/a><\/figure><div class=\"elementor-image-box-content\"><h3 class=\"elementor-image-box-title\"><a href=\"https:\/\/sadet-ve.org\/index.php\/category\/jornadas\">Jornadas<\/a><\/h3><p class=\"elementor-image-box-description\">Jornadas m\u00e9dicas dentro y fuera de nuestra localidad para beneficiar a los pacientes vulnerables de esa localidad<\/p><\/div><\/div>\t\t<\/div>\n\t\t\t\t<\/div>\n\t\t\t\t<div class=\"elementor-element elementor-element-f301f94 elementor-position-right elementor-vertical-align-middle elementor-widget elementor-widget-image-box\" data-id=\"f301f94\" data-element_type=\"widget\" data-widget_type=\"image-box.default\">\n\t\t\t\t<div class=\"elementor-widget-container\">\n\t\t\t<div class=\"elementor-image-box-wrapper\"><figure class=\"elementor-image-box-img\"><a href=\"https:\/\/sadet-ve.org\/index.php\/category\/educacion\"><img loading=\"lazy\" decoding=\"async\" width=\"1000\" height=\"750\" src=\"https:\/\/sadet-ve.org\/wp-content\/uploads\/2023\/05\/IMG_20230425_135242_709.jpg\" class=\"attachment-full size-full wp-image-1683\" alt=\"Educaci\u00f3n SADET\" srcset=\"https:\/\/sadet-ve.org\/wp-content\/uploads\/2023\/05\/IMG_20230425_135242_709.jpg 1000w, https:\/\/sadet-ve.org\/wp-content\/uploads\/2023\/05\/IMG_20230425_135242_709-300x225.jpg 300w, https:\/\/sadet-ve.org\/wp-content\/uploads\/2023\/05\/IMG_20230425_135242_709-768x576.jpg 768w\" sizes=\"auto, (max-width: 1000px) 100vw, 1000px\" \/><\/a><\/figure><div class=\"elementor-image-box-content\"><h3 class=\"elementor-image-box-title\"><a href=\"https:\/\/sadet-ve.org\/index.php\/category\/educacion\">Educaci\u00f3n<\/a><\/h3><p class=\"elementor-image-box-description\">Charlas educativas sobre temas de salud dirigidos a centros educativos, comunidades y pacientes de nuestra instituci\u00f3n<\/p><\/div><\/div>\t\t<\/div>\n\t\t\t\t<\/div>\n\t\t\t\t<div class=\"elementor-element elementor-element-749f9c4 elementor-position-left elementor-vertical-align-middle elementor-widget elementor-widget-image-box\" data-id=\"749f9c4\" data-element_type=\"widget\" data-widget_type=\"image-box.default\">\n\t\t\t\t<div class=\"elementor-widget-container\">\n\t\t\t<div class=\"elementor-image-box-wrapper\"><figure class=\"elementor-image-box-img\"><a href=\"https:\/\/sadet-ve.org\/index.php\/category\/campanas-recoleccion\"><img loading=\"lazy\" decoding=\"async\" width=\"992\" height=\"744\" src=\"https:\/\/sadet-ve.org\/wp-content\/uploads\/2023\/05\/IMG_20230425_140622_194.jpg\" class=\"attachment-full size-full wp-image-1685\" alt=\"Campa\u00f1a de recolecci\u00f3n SADET\" srcset=\"https:\/\/sadet-ve.org\/wp-content\/uploads\/2023\/05\/IMG_20230425_140622_194.jpg 992w, https:\/\/sadet-ve.org\/wp-content\/uploads\/2023\/05\/IMG_20230425_140622_194-300x225.jpg 300w, https:\/\/sadet-ve.org\/wp-content\/uploads\/2023\/05\/IMG_20230425_140622_194-768x576.jpg 768w\" sizes=\"auto, (max-width: 992px) 100vw, 992px\" \/><\/a><\/figure><div class=\"elementor-image-box-content\"><h3 class=\"elementor-image-box-title\"><a href=\"https:\/\/sadet-ve.org\/index.php\/category\/campanas-recoleccion\">Campa\u00f1as de recolecci\u00f3n<\/a><\/h3><p class=\"elementor-image-box-description\">Anualmente hacemos una campa\u00f1a de recolecci\u00f3n para lograr la compra de nuevos equipos y\/o adecuaciones de la infraestructura<\/p><\/div><\/div>\t\t<\/div>\n\t\t\t\t<\/div>\n\t\t\t\t<div class=\"elementor-element elementor-element-c8f5aeb elementor-position-right elementor-vertical-align-middle elementor-widget elementor-widget-image-box\" data-id=\"c8f5aeb\" data-element_type=\"widget\" data-widget_type=\"image-box.default\">\n\t\t\t\t<div class=\"elementor-widget-container\">\n\t\t\t<div class=\"elementor-image-box-wrapper\"><figure class=\"elementor-image-box-img\"><a href=\"https:\/\/sadet-ve.org\/index.php\/category\/educacion\"><img loading=\"lazy\" decoding=\"async\" width=\"2400\" height=\"1463\" src=\"https:\/\/sadet-ve.org\/wp-content\/uploads\/2023\/03\/medico-revision.jpg\" class=\"attachment-full size-full wp-image-851\" alt=\"\" srcset=\"https:\/\/sadet-ve.org\/wp-content\/uploads\/2023\/03\/medico-revision.jpg 2400w, https:\/\/sadet-ve.org\/wp-content\/uploads\/2023\/03\/medico-revision-300x183.jpg 300w, https:\/\/sadet-ve.org\/wp-content\/uploads\/2023\/03\/medico-revision-1024x624.jpg 1024w, https:\/\/sadet-ve.org\/wp-content\/uploads\/2023\/03\/medico-revision-768x468.jpg 768w, https:\/\/sadet-ve.org\/wp-content\/uploads\/2023\/03\/medico-revision-1536x936.jpg 1536w, https:\/\/sadet-ve.org\/wp-content\/uploads\/2023\/03\/medico-revision-2048x1248.jpg 2048w\" sizes=\"auto, (max-width: 2400px) 100vw, 2400px\" \/><\/a><\/figure><div class=\"elementor-image-box-content\"><h3 class=\"elementor-image-box-title\"><a href=\"https:\/\/sadet-ve.org\/index.php\/category\/educacion\">Atenci\u00f3n a pacientes vulnerables<\/a><\/h3><p class=\"elementor-image-box-description\">Diariamente son atendidos pacientes hospitalizados o no, solicitando nuestros servicios, con descuentos especiales o exoneraci\u00f3n total<\/p><\/div><\/div>\t\t<\/div>\n\t\t\t\t<\/div>\n\t\t\t\t\t<\/div>\n\t\t<\/div>\n\t\t\t\t\t\t\t<\/div>\n\t\t<\/section>\n\t\t\t\t\t\t\t<\/div>\n\t\t","protected":false},"excerpt":{"rendered":"<p>Labor social Jornadas Jornadas m\u00e9dicas dentro y fuera de nuestra localidad para beneficiar a los pacientes vulnerables de esa localidad Educaci\u00f3n Charlas educativas sobre temas de salud dirigidos a centros educativos, comunidades y pacientes de nuestra instituci\u00f3n Campa\u00f1as de recolecci\u00f3n Anualmente hacemos una campa\u00f1a de recolecci\u00f3n para lograr la compra de nuevos equipos y\/o adecuaciones &hellip;<\/p>\n<p class=\"read-more\"> <a class=\"\" href=\"https:\/\/sadet-ve.org\/index.php\/labor-social\/\"> <span class=\"screen-reader-text\">Labor social<\/span> Leer m\u00e1s &raquo;<\/a><\/p>\n","protected":false},"author":1,"featured_media":0,"parent":0,"menu_order":0,"comment_status":"closed","ping_status":"closed","template":"","meta":{"_uag_custom_page_level_css":"","site-sidebar-layout":"no-sidebar","site-content-layout":"page-builder","ast-site-content-layout":"","site-content-style":"default","site-sidebar-style":"default","ast-global-header-display":"","ast-banner-title-visibility":"","ast-main-header-display":"","ast-hfb-above-header-display":"","ast-hfb-below-header-display":"","ast-hfb-mobile-header-display":"","site-post-title":"disabled","ast-breadcrumbs-content":"","ast-featured-img":"disabled","footer-sml-layout":"","theme-transparent-header-meta":"","adv-header-id-meta":"","stick-header-meta":"","header-above-stick-meta":"","header-main-stick-meta":"","header-below-stick-meta":"","astra-migrate-meta-layouts":"","footnotes":""},"class_list":["post-1535","page","type-page","status-publish","hentry"],"aioseo_notices":[],"uagb_featured_image_src":{"full":false,"thumbnail":false,"medium":false,"medium_large":false,"large":false,"1536x1536":false,"2048x2048":false},"uagb_author_info":{"display_name":"sadetuweb","author_link":"https:\/\/sadet-ve.org\/index.php\/author\/sadetuweb\/"},"uagb_comment_info":0,"uagb_excerpt":"Labor social Jornadas Jornadas m\u00e9dicas dentro y fuera de nuestra localidad para beneficiar a los pacientes vulnerables de esa localidad Educaci\u00f3n Charlas educativas sobre temas de salud dirigidos a centros educativos, comunidades y pacientes de nuestra instituci\u00f3n Campa\u00f1as de recolecci\u00f3n Anualmente hacemos una campa\u00f1a de recolecci\u00f3n para lograr la compra de nuevos equipos y\/o adecuaciones&hellip;","_links":{"self":[{"href":"https:\/\/sadet-ve.org\/index.php\/wp-json\/wp\/v2\/pages\/1535","targetHints":{"allow":["GET"]}}],"collection":[{"href":"https:\/\/sadet-ve.org\/index.php\/wp-json\/wp\/v2\/pages"}],"about":[{"href":"https:\/\/sadet-ve.org\/index.php\/wp-json\/wp\/v2\/types\/page"}],"author":[{"embeddable":true,"href":"https:\/\/sadet-ve.org\/index.php\/wp-json\/wp\/v2\/users\/1"}],"replies":[{"embeddable":true,"href":"https:\/\/sadet-ve.org\/index.php\/wp-json\/wp\/v2\/comments?post=1535"}],"version-history":[{"count":49,"href":"https:\/\/sadet-ve.org\/index.php\/wp-json\/wp\/v2\/pages\/1535\/revisions"}],"predecessor-version":[{"id":2218,"href":"https:\/\/sadet-ve.org\/index.php\/wp-json\/wp\/v2\/pages\/1535\/revisions\/2218"}],"wp:attachment":[{"href":"https:\/\/sadet-ve.org\/index.php\/wp-json\/wp\/v2\/media?parent=1535"}],"curies":[{"name":"wp","href":"https:\/\/api.w.org\/{rel}","templated":true}]}}